{"id":47,"date":"2026-03-12T15:37:29","date_gmt":"2026-03-12T15:37:29","guid":{"rendered":"https:\/\/pryximo.link\/?page_id=47"},"modified":"2026-03-12T15:37:30","modified_gmt":"2026-03-12T15:37:30","slug":"aviso-legal","status":"publish","type":"page","link":"https:\/\/pryximo.link\/?page_id=47","title":{"rendered":"Aviso Legal"},"content":{"rendered":"\n<p>Este documento regula el uso del sitio web <code>pryximo.link<\/code>, de acuerdo con lo establecido en la Ley 34\/2002, de 11 de julio, de Servicios de la Sociedad de la Informaci\u00f3n y de Comercio Electr\u00f3nico (LSSI-CE).<\/p>\n\n\n\n<p><strong>Informaci\u00f3n Identificativa<\/strong> En cumplimiento con el art\u00edculo 10 de la citada Ley, se facilitan los datos del titular del taller:<\/p>\n\n\n\n<ul class=\"wp-block-list\">\n<li><strong>Titular:<\/strong> Sonia Sanchez<\/li>\n\n\n\n<li><strong>DNI:<\/strong> 43451120a<\/li>\n\n\n\n<li><strong>Direcci\u00f3n:<\/strong> Carrer de les Agudes, 128, Nou Barris, 08033 Barcelona, Espa\u00f1a<\/li>\n\n\n\n<li><strong>Correo electr\u00f3nico:<\/strong> mail@pryximo.link<\/li>\n\n\n\n<li><strong>Tel\u00e9fono:<\/strong> +34 227 584 703<\/li>\n<\/ul>\n\n\n\n<p><strong>Propiedad Intelectual<\/strong> Todo el contenido de este sitio web, incluyendo textos, fotograf\u00edas de prendas, dise\u00f1os de moda, logotipos y estructura de la p\u00e1gina, son propiedad intelectual de Sonia Sanchez o de terceros que han autorizado su uso. Queda prohibida cualquier reproducci\u00f3n, distribuci\u00f3n o transformaci\u00f3n de estos contenidos sin la autorizaci\u00f3n expresa de la titular. En Pryximo valoramos la originalidad; cualquier uso no autorizado de nuestros dise\u00f1os ser\u00e1 perseguido legalmente.<\/p>\n\n\n\n<p><strong>Exclusi\u00f3n de Responsabilidad<\/strong> La titular no se hace responsable de los da\u00f1os que pudieran derivarse de interferencias t\u00e9cnicas, virus inform\u00e1ticos o desconexiones en el sistema operativo del usuario. Asimismo, la informaci\u00f3n sobre servicios de costura y plazos es orientativa, debiendo confirmarse siempre de manera personal en el taller.<\/p>\n\n\n\n<p><strong>Legislaci\u00f3n y Jurisdicci\u00f3n<\/strong> Para la resoluci\u00f3n de cualquier controversia judicial que pueda surgir, ambas partes se someten expresamente a los Juzgados y Tribunales de la ciudad de <strong>Barcelona<\/strong>, renunciando a cualquier otro fuero que pudiera corresponderles.<\/p>\n","protected":false},"excerpt":{"rendered":"<p>Este documento regula el uso del sitio web pryximo.link, de acuerdo con lo establecido en la Ley 34\/2002, de 11 de julio, de Servicios de la Sociedad de la Informaci\u00f3n y de Comercio Electr\u00f3nico (LSSI-CE). Informaci\u00f3n Identificativa En cumplimiento con el art\u00edculo 10 de la citada Ley, se facilitan los datos del titular del taller: [&hellip;]<\/p>\n","protected":false},"author":1,"featured_media":0,"parent":0,"menu_order":0,"comment_status":"closed","ping_status":"closed","template":"","meta":{"footnotes":""},"class_list":["post-47","page","type-page","status-publish","hentry"],"_links":{"self":[{"href":"https:\/\/pryximo.link\/index.php?rest_route=\/wp\/v2\/pages\/47","targetHints":{"allow":["GET"]}}],"collection":[{"href":"https:\/\/pryximo.link\/index.php?rest_route=\/wp\/v2\/pages"}],"about":[{"href":"https:\/\/pryximo.link\/index.php?rest_route=\/wp\/v2\/types\/page"}],"author":[{"embeddable":true,"href":"https:\/\/pryximo.link\/index.php?rest_route=\/wp\/v2\/users\/1"}],"replies":[{"embeddable":true,"href":"https:\/\/pryximo.link\/index.php?rest_route=%2Fwp%2Fv2%2Fcomments&post=47"}],"version-history":[{"count":1,"href":"https:\/\/pryximo.link\/index.php?rest_route=\/wp\/v2\/pages\/47\/revisions"}],"predecessor-version":[{"id":50,"href":"https:\/\/pryximo.link\/index.php?rest_route=\/wp\/v2\/pages\/47\/revisions\/50"}],"wp:attachment":[{"href":"https:\/\/pryximo.link\/index.php?rest_route=%2Fwp%2Fv2%2Fmedia&parent=47"}],"curies":[{"name":"wp","href":"https:\/\/api.w.org\/{rel}","templated":true}]}}